{"id":390,"date":"2025-12-05T17:30:32","date_gmt":"2025-12-05T17:30:32","guid":{"rendered":"https:\/\/barhonpneu-126db69.ingress-daribow.ewp.live\/?page_id=390"},"modified":"2025-12-09T21:12:37","modified_gmt":"2025-12-09T21:12:37","slug":"about","status":"publish","type":"page","link":"https:\/\/pneumatiquebarhon.ma\/fr\/about\/","title":{"rendered":"About"},"content":{"rendered":"<div data-elementor-type=\"wp-page\" data-elementor-id=\"390\" class=\"elementor elementor-390\">\n\t\t\t\t<div class=\"elementor-element elementor-element-cbf78c9 e-flex e-con-boxed e-con e-parent\" data-id=\"cbf78c9\" data-element_type=\"container\" data-e-type=\"container\" data-settings=\"{&quot;background_background&quot;:&quot;classic&quot;}\">\n\t\t\t\t\t<div class=\"e-con-inner\">\n\t\t\t\t<div class=\"elementor-element elementor-element-a10a202 elementor-widget elementor-widget-heading\" data-id=\"a10a202\" data-element_type=\"widget\" data-e-type=\"widget\" data-widget_type=\"heading.default\">\n\t\t\t\t<div class=\"elementor-widget-container\">\n\t\t\t\t\t<h1 class=\"elementor-heading-title elementor-size-default\">societe<\/h1>\t\t\t\t<\/div>\n\t\t\t\t<\/div>\n\t\t\t\t\t<\/div>\n\t\t\t\t<\/div>\n\t\t<div class=\"elementor-element elementor-element-f4a7be5 e-flex e-con-boxed e-con e-parent\" data-id=\"f4a7be5\" data-element_type=\"container\" data-e-type=\"container\">\n\t\t\t\t\t<div class=\"e-con-inner\">\n\t\t<div class=\"elementor-element elementor-element-6348d00 e-con-full e-flex e-con e-child\" data-id=\"6348d00\" data-element_type=\"container\" data-e-type=\"container\">\n\t\t\t\t<div class=\"elementor-element elementor-element-f9eabbd elementor-hidden-mobile elementor-widget elementor-widget-image\" data-id=\"f9eabbd\" data-element_type=\"widget\" data-e-type=\"widget\" data-widget_type=\"image.default\">\n\t\t\t\t<div class=\"elementor-widget-container\">\n\t\t\t\t\t\t\t\t\t\t\t\t\t\t\t<img fetchpriority=\"high\" decoding=\"async\" width=\"1080\" height=\"1920\" src=\"https:\/\/pneumatiquebarhon.ma\/wp-content\/uploads\/2025\/12\/Untitled-design.png\" class=\"attachment-full size-full wp-image-709\" alt=\"untitled design\" srcset=\"https:\/\/pneumatiquebarhon.ma\/wp-content\/uploads\/2025\/12\/Untitled-design.png 1080w, https:\/\/pneumatiquebarhon.ma\/wp-content\/uploads\/2025\/12\/Untitled-design-169x300.png 169w, https:\/\/pneumatiquebarhon.ma\/wp-content\/uploads\/2025\/12\/Untitled-design-576x1024.png 576w, https:\/\/pneumatiquebarhon.ma\/wp-content\/uploads\/2025\/12\/Untitled-design-768x1365.png 768w, https:\/\/pneumatiquebarhon.ma\/wp-content\/uploads\/2025\/12\/Untitled-design-864x1536.png 864w, https:\/\/pneumatiquebarhon.ma\/wp-content\/uploads\/2025\/12\/Untitled-design-600x1067.png 600w\" sizes=\"(max-width: 1080px) 100vw, 1080px\" \/>\t\t\t\t\t\t\t\t\t\t\t\t\t\t\t<\/div>\n\t\t\t\t<\/div>\n\t\t\t\t<\/div>\n\t\t<div class=\"elementor-element elementor-element-953a020 e-con-full e-flex e-con e-child\" data-id=\"953a020\" data-element_type=\"container\" data-e-type=\"container\">\n\t\t\t\t<div class=\"elementor-element elementor-element-f632d01 elementor-widget elementor-widget-heading\" data-id=\"f632d01\" data-element_type=\"widget\" data-e-type=\"widget\" data-widget_type=\"heading.default\">\n\t\t\t\t<div class=\"elementor-widget-container\">\n\t\t\t\t\t<h2 class=\"elementor-heading-title elementor-size-default\">Nous nous effor\u00e7ons de fournir \u00e0 nos clients le plus haut niveau de qualit\u00e9.<\/h2>\t\t\t\t<\/div>\n\t\t\t\t<\/div>\n\t\t\t\t<div class=\"elementor-element elementor-element-ce014bb elementor-widget elementor-widget-text-editor\" data-id=\"ce014bb\" data-element_type=\"widget\" data-e-type=\"widget\" data-widget_type=\"text-editor.default\">\n\t\t\t\t<div class=\"elementor-widget-container\">\n\t\t\t\t\t\t\t\t\t<p id=\"message-content-1447708072867790859\" class=\"markup__75297 messageContent_c19a55 markupRtl_c19a55\">dans <span style=\"text-decoration: underline;\"><em><strong>Barhonpneu<\/strong><\/em><\/span>Nous mettons tout en \u0153uvre pour que chaque trajet soit s\u00fbr et confortable. Nous proposons des pneus de haute qualit\u00e9 alliant performance et prix abordable, ainsi qu'un service rapide et fiable. Parce que la s\u00e9curit\u00e9 routi\u00e8re commence par les pneus, nous sommes l\u00e0 pour vous accompagner en toute confiance sur tous vos d\u00e9placements.<\/p>\t\t\t\t\t\t\t\t<\/div>\n\t\t\t\t<\/div>\n\t\t\t\t<div class=\"elementor-element elementor-element-453eaac elementor-widget-divider--view-line elementor-widget elementor-widget-divider\" data-id=\"453eaac\" data-element_type=\"widget\" data-e-type=\"widget\" data-widget_type=\"divider.default\">\n\t\t\t\t<div class=\"elementor-widget-container\">\n\t\t\t\t\t\t\t<div class=\"elementor-divider\">\n\t\t\t<span class=\"elementor-divider-separator\">\n\t\t\t\t\t\t<\/span>\n\t\t<\/div>\n\t\t\t\t\t\t<\/div>\n\t\t\t\t<\/div>\n\t\t\t\t<div class=\"elementor-element elementor-element-7626cd8 elementor-widget elementor-widget-text-editor\" data-id=\"7626cd8\" data-element_type=\"widget\" data-e-type=\"widget\" data-widget_type=\"text-editor.default\">\n\t\t\t\t<div class=\"elementor-widget-container\">\n\t\t\t\t\t\t\t\t\t<div id=\"message-content-1447708072867790859\" class=\"markup__75297 messageContent_c19a55 markupRtl_c19a55\"><div id=\"message-content-1447708522287730810\" class=\"markup__75297 messageContent_c19a55 markupRtl_c19a55\">Avec un service rapide, une assistance continue et des prix comp\u00e9titifs, nous sommes l\u00e0 pour vous aider \u00e0 choisir facilement et en toute confiance le pneu id\u00e9al pour votre voiture. Choisissez <span style=\"text-decoration: underline;\"><em><strong>Barhonpneu<\/strong><\/em><\/span>\u00a0Faites de chaque voyage une exp\u00e9rience s\u00fbre et agr\u00e9able.<\/div><\/div>\t\t\t\t\t\t\t\t<\/div>\n\t\t\t\t<\/div>\n\t\t\t\t<\/div>\n\t\t\t\t\t<\/div>\n\t\t\t\t<\/div>\n\t\t<div class=\"elementor-element elementor-element-adb2349 e-flex e-con-boxed e-con e-parent\" data-id=\"adb2349\" data-element_type=\"container\" data-e-type=\"container\" data-settings=\"{&quot;background_background&quot;:&quot;classic&quot;}\">\n\t\t\t\t\t<div class=\"e-con-inner\">\n\t\t\t\t<div class=\"elementor-element elementor-element-5e0f4c4 elementor-widget elementor-widget-heading\" data-id=\"5e0f4c4\" data-element_type=\"widget\" data-e-type=\"widget\" data-widget_type=\"heading.default\">\n\t\t\t\t<div class=\"elementor-widget-container\">\n\t\t\t\t\t<h2 class=\"elementor-heading-title elementor-size-default\">Nos valeurs fondamentales sont le moteur de tout ce que nous faisons.<\/h2>\t\t\t\t<\/div>\n\t\t\t\t<\/div>\n\t\t<div class=\"elementor-element elementor-element-d2daa02 e-grid e-con-full e-con e-child\" data-id=\"d2daa02\" data-element_type=\"container\" data-e-type=\"container\">\n\t\t\t\t<div class=\"elementor-element elementor-element-56b6d66 elementor-view-stacked elementor-position-inline-start elementor-shape-circle elementor-mobile-position-block-start elementor-widget elementor-widget-icon-box\" data-id=\"56b6d66\" data-element_type=\"widget\" data-e-type=\"widget\" data-widget_type=\"icon-box.default\">\n\t\t\t\t<div class=\"elementor-widget-container\">\n\t\t\t\t\t\t\t<div class=\"elementor-icon-box-wrapper\">\n\n\t\t\t\t\t\t<div class=\"elementor-icon-box-icon\">\n\t\t\t\t<span  class=\"elementor-icon\">\n\t\t\t\t<svg aria-hidden=\"true\" class=\"e-font-icon-svg e-fas-cube\" viewbox=\"0 0 512 512\" xmlns=\"http:\/\/www.w3.org\/2000\/svg\"><path d=\"M239.1 6.3l-208 78c-18.7 7-31.1 25-31.1 45v225.1c0 18.2 10.3 34.8 26.5 42.9l208 104c13.5 6.8 29.4 6.8 42.9 0l208-104c16.3-8.1 26.5-24.8 26.5-42.9V129.3c0-20-12.4-37.9-31.1-44.9l-208-78C262 2.2 250 2.2 239.1 6.3zM256 68.4l192 72v1.1l-192 78-192-78v-1.1l192-72zm32 356V275.5l160-65v133.9l-160 80z\"><\/path><\/svg>\t\t\t\t<\/span>\n\t\t\t<\/div>\n\t\t\t\n\t\t\t\t\t\t<div class=\"elementor-icon-box-content\">\n\n\t\t\t\t\t\t\t\t\t<h4 class=\"elementor-icon-box-title\">\n\t\t\t\t\t\t<span  >\n\t\t\t\t\t\t\tPassionn\u00e9 par le travail\t\t\t\t\t\t<\/span>\n\t\t\t\t\t<\/h4>\n\t\t\t\t\n\t\t\t\t\t\t\t\t\t<p class=\"elementor-icon-box-description\">\n\t\t\t\t\t\tLa passion pour son travail, c'est l'enthousiasme et l'excitation pour ce que l'on fait.\t\t\t\t\t<\/p>\n\t\t\t\t\n\t\t\t<\/div>\n\t\t\t\n\t\t<\/div>\n\t\t\t\t\t\t<\/div>\n\t\t\t\t<\/div>\n\t\t\t\t<div class=\"elementor-element elementor-element-a315a26 elementor-view-stacked elementor-position-inline-start elementor-shape-circle elementor-mobile-position-block-start elementor-widget elementor-widget-icon-box\" data-id=\"a315a26\" data-element_type=\"widget\" data-e-type=\"widget\" data-widget_type=\"icon-box.default\">\n\t\t\t\t<div class=\"elementor-widget-container\">\n\t\t\t\t\t\t\t<div class=\"elementor-icon-box-wrapper\">\n\n\t\t\t\t\t\t<div class=\"elementor-icon-box-icon\">\n\t\t\t\t<span  class=\"elementor-icon\">\n\t\t\t\t<svg aria-hidden=\"true\" class=\"e-font-icon-svg e-fas-cube\" viewbox=\"0 0 512 512\" xmlns=\"http:\/\/www.w3.org\/2000\/svg\"><path d=\"M239.1 6.3l-208 78c-18.7 7-31.1 25-31.1 45v225.1c0 18.2 10.3 34.8 26.5 42.9l208 104c13.5 6.8 29.4 6.8 42.9 0l208-104c16.3-8.1 26.5-24.8 26.5-42.9V129.3c0-20-12.4-37.9-31.1-44.9l-208-78C262 2.2 250 2.2 239.1 6.3zM256 68.4l192 72v1.1l-192 78-192-78v-1.1l192-72zm32 356V275.5l160-65v133.9l-160 80z\"><\/path><\/svg>\t\t\t\t<\/span>\n\t\t\t<\/div>\n\t\t\t\n\t\t\t\t\t\t<div class=\"elementor-icon-box-content\">\n\n\t\t\t\t\t\t\t\t\t<h4 class=\"elementor-icon-box-title\">\n\t\t\t\t\t\t<span  >\n\t\t\t\t\t\t\tMembres de l'\u00e9quipe cr\u00e9ative\t\t\t\t\t\t<\/span>\n\t\t\t\t\t<\/h4>\n\t\t\t\t\n\t\t\t\t\t\t\t\t\t<p class=\"elementor-icon-box-description\">\n\t\t\t\t\t\tL'\u00e9quipe cr\u00e9ative con\u00e7oit, met en \u0153uvre et promeut les campagnes.\t\t\t\t\t<\/p>\n\t\t\t\t\n\t\t\t<\/div>\n\t\t\t\n\t\t<\/div>\n\t\t\t\t\t\t<\/div>\n\t\t\t\t<\/div>\n\t\t\t\t<div class=\"elementor-element elementor-element-842d9a6 elementor-view-stacked elementor-position-inline-start elementor-shape-circle elementor-mobile-position-block-start elementor-widget elementor-widget-icon-box\" data-id=\"842d9a6\" data-element_type=\"widget\" data-e-type=\"widget\" data-widget_type=\"icon-box.default\">\n\t\t\t\t<div class=\"elementor-widget-container\">\n\t\t\t\t\t\t\t<div class=\"elementor-icon-box-wrapper\">\n\n\t\t\t\t\t\t<div class=\"elementor-icon-box-icon\">\n\t\t\t\t<span  class=\"elementor-icon\">\n\t\t\t\t<svg aria-hidden=\"true\" class=\"e-font-icon-svg e-fas-cube\" viewbox=\"0 0 512 512\" xmlns=\"http:\/\/www.w3.org\/2000\/svg\"><path d=\"M239.1 6.3l-208 78c-18.7 7-31.1 25-31.1 45v225.1c0 18.2 10.3 34.8 26.5 42.9l208 104c13.5 6.8 29.4 6.8 42.9 0l208-104c16.3-8.1 26.5-24.8 26.5-42.9V129.3c0-20-12.4-37.9-31.1-44.9l-208-78C262 2.2 250 2.2 239.1 6.3zM256 68.4l192 72v1.1l-192 78-192-78v-1.1l192-72zm32 356V275.5l160-65v133.9l-160 80z\"><\/path><\/svg>\t\t\t\t<\/span>\n\t\t\t<\/div>\n\t\t\t\n\t\t\t\t\t\t<div class=\"elementor-icon-box-content\">\n\n\t\t\t\t\t\t\t\t\t<h4 class=\"elementor-icon-box-title\">\n\t\t\t\t\t\t<span  >\n\t\t\t\t\t\t\tSolutions innovantes\t\t\t\t\t\t<\/span>\n\t\t\t\t\t<\/h4>\n\t\t\t\t\n\t\t\t\t\t\t\t\t\t<p class=\"elementor-icon-box-description\">\n\t\t\t\t\t\tUtiliser pleinement chacun des concepts et trouver de nouvelles fa\u00e7ons d'utiliser les concepts existants\t\t\t\t\t<\/p>\n\t\t\t\t\n\t\t\t<\/div>\n\t\t\t\n\t\t<\/div>\n\t\t\t\t\t\t<\/div>\n\t\t\t\t<\/div>\n\t\t\t\t<div class=\"elementor-element elementor-element-dd07312 elementor-view-stacked elementor-position-inline-start elementor-shape-circle elementor-mobile-position-block-start elementor-widget elementor-widget-icon-box\" data-id=\"dd07312\" data-element_type=\"widget\" data-e-type=\"widget\" data-widget_type=\"icon-box.default\">\n\t\t\t\t<div class=\"elementor-widget-container\">\n\t\t\t\t\t\t\t<div class=\"elementor-icon-box-wrapper\">\n\n\t\t\t\t\t\t<div class=\"elementor-icon-box-icon\">\n\t\t\t\t<span  class=\"elementor-icon\">\n\t\t\t\t<svg aria-hidden=\"true\" class=\"e-font-icon-svg e-fas-cube\" viewbox=\"0 0 512 512\" xmlns=\"http:\/\/www.w3.org\/2000\/svg\"><path d=\"M239.1 6.3l-208 78c-18.7 7-31.1 25-31.1 45v225.1c0 18.2 10.3 34.8 26.5 42.9l208 104c13.5 6.8 29.4 6.8 42.9 0l208-104c16.3-8.1 26.5-24.8 26.5-42.9V129.3c0-20-12.4-37.9-31.1-44.9l-208-78C262 2.2 250 2.2 239.1 6.3zM256 68.4l192 72v1.1l-192 78-192-78v-1.1l192-72zm32 356V275.5l160-65v133.9l-160 80z\"><\/path><\/svg>\t\t\t\t<\/span>\n\t\t\t<\/div>\n\t\t\t\n\t\t\t\t\t\t<div class=\"elementor-icon-box-content\">\n\n\t\t\t\t\t\t\t\t\t<h4 class=\"elementor-icon-box-title\">\n\t\t\t\t\t\t<span  >\n\t\t\t\t\t\t\tProduits de haute qualit\u00e9\t\t\t\t\t\t<\/span>\n\t\t\t\t\t<\/h4>\n\t\t\t\t\n\t\t\t\t\t\t\t\t\t<p class=\"elementor-icon-box-description\">\n\t\t\t\t\t\tLa qualit\u00e9 du produit refl\u00e8te le niveau de satisfaction de nos clients.\t\t\t\t\t<\/p>\n\t\t\t\t\n\t\t\t<\/div>\n\t\t\t\n\t\t<\/div>\n\t\t\t\t\t\t<\/div>\n\t\t\t\t<\/div>\n\t\t\t\t<div class=\"elementor-element elementor-element-3ebcf31 elementor-view-stacked elementor-position-inline-start elementor-shape-circle elementor-mobile-position-block-start elementor-widget elementor-widget-icon-box\" data-id=\"3ebcf31\" data-element_type=\"widget\" data-e-type=\"widget\" data-widget_type=\"icon-box.default\">\n\t\t\t\t<div class=\"elementor-widget-container\">\n\t\t\t\t\t\t\t<div class=\"elementor-icon-box-wrapper\">\n\n\t\t\t\t\t\t<div class=\"elementor-icon-box-icon\">\n\t\t\t\t<span  class=\"elementor-icon\">\n\t\t\t\t<svg aria-hidden=\"true\" class=\"e-font-icon-svg e-fas-cube\" viewbox=\"0 0 512 512\" xmlns=\"http:\/\/www.w3.org\/2000\/svg\"><path d=\"M239.1 6.3l-208 78c-18.7 7-31.1 25-31.1 45v225.1c0 18.2 10.3 34.8 26.5 42.9l208 104c13.5 6.8 29.4 6.8 42.9 0l208-104c16.3-8.1 26.5-24.8 26.5-42.9V129.3c0-20-12.4-37.9-31.1-44.9l-208-78C262 2.2 250 2.2 239.1 6.3zM256 68.4l192 72v1.1l-192 78-192-78v-1.1l192-72zm32 356V275.5l160-65v133.9l-160 80z\"><\/path><\/svg>\t\t\t\t<\/span>\n\t\t\t<\/div>\n\t\t\t\n\t\t\t\t\t\t<div class=\"elementor-icon-box-content\">\n\n\t\t\t\t\t\t\t\t\t<h4 class=\"elementor-icon-box-title\">\n\t\t\t\t\t\t<span  >\n\t\t\t\t\t\t\tSatisfaction client\t\t\t\t\t\t<\/span>\n\t\t\t\t\t<\/h4>\n\t\t\t\t\n\t\t\t\t\t\t\t\t\t<p class=\"elementor-icon-box-description\">\n\t\t\t\t\t\tLes clients satisfaits sont satisfaits du service client.\t\t\t\t\t<\/p>\n\t\t\t\t\n\t\t\t<\/div>\n\t\t\t\n\t\t<\/div>\n\t\t\t\t\t\t<\/div>\n\t\t\t\t<\/div>\n\t\t\t\t<div class=\"elementor-element elementor-element-edc36c8 elementor-view-stacked elementor-position-inline-start elementor-shape-circle elementor-mobile-position-block-start elementor-widget elementor-widget-icon-box\" data-id=\"edc36c8\" data-element_type=\"widget\" data-e-type=\"widget\" data-widget_type=\"icon-box.default\">\n\t\t\t\t<div class=\"elementor-widget-container\">\n\t\t\t\t\t\t\t<div class=\"elementor-icon-box-wrapper\">\n\n\t\t\t\t\t\t<div class=\"elementor-icon-box-icon\">\n\t\t\t\t<span  class=\"elementor-icon\">\n\t\t\t\t<svg aria-hidden=\"true\" class=\"e-font-icon-svg e-fas-cube\" viewbox=\"0 0 512 512\" xmlns=\"http:\/\/www.w3.org\/2000\/svg\"><path d=\"M239.1 6.3l-208 78c-18.7 7-31.1 25-31.1 45v225.1c0 18.2 10.3 34.8 26.5 42.9l208 104c13.5 6.8 29.4 6.8 42.9 0l208-104c16.3-8.1 26.5-24.8 26.5-42.9V129.3c0-20-12.4-37.9-31.1-44.9l-208-78C262 2.2 250 2.2 239.1 6.3zM256 68.4l192 72v1.1l-192 78-192-78v-1.1l192-72zm32 356V275.5l160-65v133.9l-160 80z\"><\/path><\/svg>\t\t\t\t<\/span>\n\t\t\t<\/div>\n\t\t\t\n\t\t\t\t\t\t<div class=\"elementor-icon-box-content\">\n\n\t\t\t\t\t\t\t\t\t<h4 class=\"elementor-icon-box-title\">\n\t\t\t\t\t\t<span  >\n\t\t\t\t\t\t\tInterface de simplicit\u00e9\t\t\t\t\t\t<\/span>\n\t\t\t\t\t<\/h4>\n\t\t\t\t\n\t\t\t\t\t\t\t\t\t<p class=\"elementor-icon-box-description\">\n\t\t\t\t\t\tLe terme \u00ab simplicit\u00e9 \u00bb est employ\u00e9 de mani\u00e8re impr\u00e9cise pour indiquer la n\u00e9cessit\u00e9 de simplifier le processus.\t\t\t\t\t<\/p>\n\t\t\t\t\n\t\t\t<\/div>\n\t\t\t\n\t\t<\/div>\n\t\t\t\t\t\t<\/div>\n\t\t\t\t<\/div>\n\t\t\t\t<\/div>\n\t\t\t\t\t<\/div>\n\t\t\t\t<\/div>\n\t\t<div class=\"elementor-element elementor-element-5fdb465 e-flex e-con-boxed e-con e-parent\" data-id=\"5fdb465\" data-element_type=\"container\" data-e-type=\"container\">\n\t\t\t\t\t<div class=\"e-con-inner\">\n\t\t<div class=\"elementor-element elementor-element-4e19c24 e-con-full e-flex e-con e-child\" data-id=\"4e19c24\" data-element_type=\"container\" data-e-type=\"container\">\n\t\t\t\t<div class=\"elementor-element elementor-element-7d2899e elementor-widget elementor-widget-heading\" data-id=\"7d2899e\" data-element_type=\"widget\" data-e-type=\"widget\" data-widget_type=\"heading.default\">\n\t\t\t\t<div class=\"elementor-widget-container\">\n\t\t\t\t\t<h2 class=\"elementor-heading-title elementor-size-default\">Notre mission<\/h2>\t\t\t\t<\/div>\n\t\t\t\t<\/div>\n\t\t\t\t<div class=\"elementor-element elementor-element-b2c7cfb elementor-widget elementor-widget-text-editor\" data-id=\"b2c7cfb\" data-element_type=\"widget\" data-e-type=\"widget\" data-widget_type=\"text-editor.default\">\n\t\t\t\t<div class=\"elementor-widget-container\">\n\t\t\t\t\t\t\t\t\t<div id=\"message-content-1447711048294596618\" class=\"markup__75297 messageContent_c19a55 markupRtl_c19a55\">Avec un service rapide, une assistance continue et des prix comp\u00e9titifs, nous sommes l\u00e0 pour vous aider \u00e0 choisir facilement et en toute confiance le pneu id\u00e9al pour votre voiture. Choisissez <strong>B<em>arhonpneu <\/em><\/strong>Rendez chaque voyage en voiture plus s\u00fbr et plus confortable.<\/div>\t\t\t\t\t\t\t\t<\/div>\n\t\t\t\t<\/div>\n\t\t<div class=\"elementor-element elementor-element-e344637 e-grid e-con-full e-con e-child\" data-id=\"e344637\" data-element_type=\"container\" data-e-type=\"container\">\n\t\t\t\t<div class=\"elementor-element elementor-element-c4aa973 elementor-list-item-link-full_width elementor-widget elementor-widget-icon-list\" data-id=\"c4aa973\" data-element_type=\"widget\" data-e-type=\"widget\" data-widget_type=\"icon-list.default\">\n\t\t\t\t<div class=\"elementor-widget-container\">\n\t\t\t\t\t\t\t<ul class=\"elementor-icon-list-items\">\n\t\t\t\t\t\t\t<li class=\"elementor-icon-list-item\">\n\t\t\t\t\t\t\t\t\t\t\t<span class=\"elementor-icon-list-icon\">\n\t\t\t\t\t\t\t<svg aria-hidden=\"true\" class=\"e-font-icon-svg e-fas-check-circle\" viewbox=\"0 0 512 512\" xmlns=\"http:\/\/www.w3.org\/2000\/svg\"><path d=\"M504 256c0 136.967-111.033 248-248 248S8 392.967 8 256 119.033 8 256 8s248 111.033 248 248zM227.314 387.314l184-184c6.248-6.248 6.248-16.379 0-22.627l-22.627-22.627c-6.248-6.249-16.379-6.249-22.628 0L216 308.118l-70.059-70.059c-6.248-6.248-16.379-6.248-22.628 0l-22.627 22.627c-6.248 6.248-6.248 16.379 0 22.627l104 104c6.249 6.249 16.379 6.249 22.628.001z\"><\/path><\/svg>\t\t\t\t\t\t<\/span>\n\t\t\t\t\t\t\t\t\t\t<span class=\"elementor-icon-list-text\">\u0627\u0644\u062c\u0648\u062f\u0629 \u0648\u0627\u0644\u062a\u0646\u0648\u0639<\/span>\n\t\t\t\t\t\t\t\t\t<\/li>\n\t\t\t\t\t\t\t\t<li class=\"elementor-icon-list-item\">\n\t\t\t\t\t\t\t\t\t\t\t<span class=\"elementor-icon-list-icon\">\n\t\t\t\t\t\t\t<svg aria-hidden=\"true\" class=\"e-font-icon-svg e-fas-check-circle\" viewbox=\"0 0 512 512\" xmlns=\"http:\/\/www.w3.org\/2000\/svg\"><path d=\"M504 256c0 136.967-111.033 248-248 248S8 392.967 8 256 119.033 8 256 8s248 111.033 248 248zM227.314 387.314l184-184c6.248-6.248 6.248-16.379 0-22.627l-22.627-22.627c-6.248-6.249-16.379-6.249-22.628 0L216 308.118l-70.059-70.059c-6.248-6.248-16.379-6.248-22.628 0l-22.627 22.627c-6.248 6.248-6.248 16.379 0 22.627l104 104c6.249 6.249 16.379 6.249 22.628.001z\"><\/path><\/svg>\t\t\t\t\t\t<\/span>\n\t\t\t\t\t\t\t\t\t\t<span class=\"elementor-icon-list-text\">\u0627\u0644\u0645\u0645\u0627\u0631\u0633\u0627\u062a \u0627\u0644\u0645\u0633\u062a\u062f\u0627\u0645\u0629<\/span>\n\t\t\t\t\t\t\t\t\t<\/li>\n\t\t\t\t\t\t<\/ul>\n\t\t\t\t\t\t<\/div>\n\t\t\t\t<\/div>\n\t\t\t\t<div class=\"elementor-element elementor-element-f439fd0 elementor-list-item-link-full_width elementor-widget elementor-widget-icon-list\" data-id=\"f439fd0\" data-element_type=\"widget\" data-e-type=\"widget\" data-widget_type=\"icon-list.default\">\n\t\t\t\t<div class=\"elementor-widget-container\">\n\t\t\t\t\t\t\t<ul class=\"elementor-icon-list-items\">\n\t\t\t\t\t\t\t<li class=\"elementor-icon-list-item\">\n\t\t\t\t\t\t\t\t\t\t\t<span class=\"elementor-icon-list-icon\">\n\t\t\t\t\t\t\t<svg aria-hidden=\"true\" class=\"e-font-icon-svg e-fas-check-circle\" viewbox=\"0 0 512 512\" xmlns=\"http:\/\/www.w3.org\/2000\/svg\"><path d=\"M504 256c0 136.967-111.033 248-248 248S8 392.967 8 256 119.033 8 256 8s248 111.033 248 248zM227.314 387.314l184-184c6.248-6.248 6.248-16.379 0-22.627l-22.627-22.627c-6.248-6.249-16.379-6.249-22.628 0L216 308.118l-70.059-70.059c-6.248-6.248-16.379-6.248-22.628 0l-22.627 22.627c-6.248 6.248-6.248 16.379 0 22.627l104 104c6.249 6.249 16.379 6.249 22.628.001z\"><\/path><\/svg>\t\t\t\t\t\t<\/span>\n\t\t\t\t\t\t\t\t\t\t<span class=\"elementor-icon-list-text\">Conseils d'experts<\/span>\n\t\t\t\t\t\t\t\t\t<\/li>\n\t\t\t\t\t\t\t\t<li class=\"elementor-icon-list-item\">\n\t\t\t\t\t\t\t\t\t\t\t<span class=\"elementor-icon-list-icon\">\n\t\t\t\t\t\t\t<svg aria-hidden=\"true\" class=\"e-font-icon-svg e-fas-check-circle\" viewbox=\"0 0 512 512\" xmlns=\"http:\/\/www.w3.org\/2000\/svg\"><path d=\"M504 256c0 136.967-111.033 248-248 248S8 392.967 8 256 119.033 8 256 8s248 111.033 248 248zM227.314 387.314l184-184c6.248-6.248 6.248-16.379 0-22.627l-22.627-22.627c-6.248-6.249-16.379-6.249-22.628 0L216 308.118l-70.059-70.059c-6.248-6.248-16.379-6.248-22.628 0l-22.627 22.627c-6.248 6.248-6.248 16.379 0 22.627l104 104c6.249 6.249 16.379 6.249 22.628.001z\"><\/path><\/svg>\t\t\t\t\t\t<\/span>\n\t\t\t\t\t\t\t\t\t\t<span class=\"elementor-icon-list-text\">\u00c9quipe exp\u00e9riment\u00e9e<\/span>\n\t\t\t\t\t\t\t\t\t<\/li>\n\t\t\t\t\t\t<\/ul>\n\t\t\t\t\t\t<\/div>\n\t\t\t\t<\/div>\n\t\t\t\t<\/div>\n\t\t\t\t<\/div>\n\t\t<div class=\"elementor-element elementor-element-49b650b e-con-full e-flex e-con e-child\" data-id=\"49b650b\" data-element_type=\"container\" data-e-type=\"container\">\n\t\t\t\t<div class=\"elementor-element elementor-element-acdcc95 elementor-widget elementor-widget-image\" data-id=\"acdcc95\" data-element_type=\"widget\" data-e-type=\"widget\" data-widget_type=\"image.default\">\n\t\t\t\t<div class=\"elementor-widget-container\">\n\t\t\t\t\t\t\t\t\t\t\t\t\t\t\t<img decoding=\"async\" width=\"940\" height=\"788\" src=\"https:\/\/pneumatiquebarhon.ma\/wp-content\/uploads\/2025\/12\/Untitled-design2.png\" class=\"attachment-full size-full wp-image-710\" alt=\"untitled design(2)\" srcset=\"https:\/\/pneumatiquebarhon.ma\/wp-content\/uploads\/2025\/12\/Untitled-design2.png 940w, https:\/\/pneumatiquebarhon.ma\/wp-content\/uploads\/2025\/12\/Untitled-design2-300x251.png 300w, https:\/\/pneumatiquebarhon.ma\/wp-content\/uploads\/2025\/12\/Untitled-design2-768x644.png 768w, https:\/\/pneumatiquebarhon.ma\/wp-content\/uploads\/2025\/12\/Untitled-design2-600x503.png 600w\" sizes=\"(max-width: 940px) 100vw, 940px\" \/>\t\t\t\t\t\t\t\t\t\t\t\t\t\t\t<\/div>\n\t\t\t\t<\/div>\n\t\t\t\t<\/div>\n\t\t\t\t\t<\/div>\n\t\t\t\t<\/div>\n\t\t<div class=\"elementor-element elementor-element-579c1d2 e-flex e-con-boxed e-con e-parent\" data-id=\"579c1d2\" data-element_type=\"container\" data-e-type=\"container\">\n\t\t\t\t\t<div class=\"e-con-inner\">\n\t\t\t\t\t<\/div>\n\t\t\t\t<\/div>\n\t\t\t\t<\/div>","protected":false},"excerpt":{"rendered":"<p>\u0645\u0646 \u0646\u062d\u0646 \u0646\u062d\u0646 \u0646\u0633\u0639\u0649 \u062c\u0627\u0647\u062f\u064a\u0646 \u0644\u0646\u0642\u062f\u0645 \u0644\u0639\u0645\u0644\u0627\u0626\u0646\u0627 \u0623\u0639\u0644\u0649 \u0645\u0633\u062a\u0648\u064a\u0627\u062a \u0627\u0644\u062c\u0648\u062f\u0629 \u0641\u064a Barhonpneu\u060c \u0646\u0633\u0639\u0649 \u0644\u062c\u0639\u0644 \u0643\u0644 \u0631\u062d\u0644\u0629 \u0622\u0645\u0646\u0629 \u0648\u0645\u0631\u064a\u062d\u0629. \u0646\u0642\u062f\u0645 \u0625\u0637\u0627\u0631\u0627\u062a \u0639\u0627\u0644\u064a\u0629 \u0627\u0644\u062c\u0648\u062f\u0629 \u062a\u062c\u0645\u0639 \u0628\u064a\u0646 \u0627\u0644\u0623\u062f\u0627\u0621 \u0627\u0644\u0645\u0645\u062a\u0627\u0632 \u0648\u0627\u0644\u0633\u0639\u0631 \u0627\u0644\u0645\u0646\u0627\u0633\u0628\u060c \u0645\u0639 \u062e\u062f\u0645\u0629 \u0633\u0631\u064a\u0639\u0629 \u0648\u0645\u0648\u062b\u0648\u0642\u0629. \u0644\u0623\u0646 \u0627\u0644\u0623\u0645\u0627\u0646 \u0639\u0644\u0649 \u0627\u0644\u0637\u0631\u064a\u0642 \u064a\u0628\u062f\u0623 \u0645\u0646 \u0627\u0644\u0625\u0637\u0627\u0631\u0627\u062a\u060c \u0646\u062d\u0646 \u0647\u0646\u0627 \u0644\u0646\u0643\u0648\u0646 \u0634\u0631\u064a\u0643\u0643 \u0627\u0644\u0645\u0648\u062b\u0648\u0642 \u0641\u064a \u0643\u0644 \u0631\u062d\u0644\u0629. \u0645\u0639 \u062e\u062f\u0645\u0629 \u0633\u0631\u064a\u0639\u0629\u060c \u062f\u0639\u0645 \u062f\u0627\u0626\u0645\u060c \u0648\u0623\u0633\u0639\u0627\u0631 \u062a\u0646\u0627\u0641\u0633\u064a\u0629\u060c \u0646\u062d\u0646 [&hellip;]<\/p>\n","protected":false},"author":1,"featured_media":0,"parent":0,"menu_order":0,"comment_status":"closed","ping_status":"closed","template":"","meta":{"inline_featured_image":false,"_joinchat":[],"footnotes":""},"class_list":["post-390","page","type-page","status-publish","hentry"],"_links":{"self":[{"href":"https:\/\/pneumatiquebarhon.ma\/fr\/wp-json\/wp\/v2\/pages\/390","targetHints":{"allow":["GET"]}}],"collection":[{"href":"https:\/\/pneumatiquebarhon.ma\/fr\/wp-json\/wp\/v2\/pages"}],"about":[{"href":"https:\/\/pneumatiquebarhon.ma\/fr\/wp-json\/wp\/v2\/types\/page"}],"author":[{"embeddable":true,"href":"https:\/\/pneumatiquebarhon.ma\/fr\/wp-json\/wp\/v2\/users\/1"}],"replies":[{"embeddable":true,"href":"https:\/\/pneumatiquebarhon.ma\/fr\/wp-json\/wp\/v2\/comments?post=390"}],"version-history":[{"count":5,"href":"https:\/\/pneumatiquebarhon.ma\/fr\/wp-json\/wp\/v2\/pages\/390\/revisions"}],"predecessor-version":[{"id":805,"href":"https:\/\/pneumatiquebarhon.ma\/fr\/wp-json\/wp\/v2\/pages\/390\/revisions\/805"}],"wp:attachment":[{"href":"https:\/\/pneumatiquebarhon.ma\/fr\/wp-json\/wp\/v2\/media?parent=390"}],"curies":[{"name":"wp","href":"https:\/\/api.w.org\/{rel}","templated":true}]}}